{"id":206,"date":"2021-09-02T22:15:26","date_gmt":"2021-09-02T20:15:26","guid":{"rendered":"http:\/\/photo-claude-david.fr\/?page_id=206"},"modified":"2021-12-25T18:55:54","modified_gmt":"2021-12-25T17:55:54","slug":"bouchons","status":"publish","type":"page","link":"https:\/\/photo-claude-david.fr\/?page_id=206","title":{"rendered":"Bouchon de Tourves"},"content":{"rendered":"\n<h3>Simulation des embouteillages des ann\u00e9es 60<\/h3>\n\n\n\n<p><strong>Tous les deux ans, le 15 ao\u00fbt, l&#8217;association &#8220;Nationale 7 Historique Provence&#8221; organise, dans une ambiance festive, une reconstitution des c\u00e9l\u00e8bres bouchons de TOURVES des ann\u00e9es 60. L&#8217;\u00e9t\u00e9, des milliers de v\u00e9hicules traversaient le village pour aller vers la C\u00f4te d&#8217;Azur occasionnant d&#8217;importants embouteillages.<\/strong><\/p>\n\n\n<div class=\"rl-gallery-container rl-loading rl-pagination-paged\" id=\"rl-gallery-container-1\" data-gallery_id=\"188\"> <div class=\"rl-gallery rl-basicgrid-gallery rl-hover-effect-8 rl-hover-icon-9\" id=\"rl-gallery-1\" data-gallery_no=\"1\"> <div class=\"rl-gallery-item\"><a href=\"https:\/\/photo-claude-david.fr\/wp-content\/uploads\/2021\/10\/Bouchon-de-Tourves-2019-35.jpg\" title=\"\" data-rl_title=\"\" class=\"rl-gallery-link\" data-rl_caption=\"\" data-rel=\"lightbox-gallery-1\"><img src=\"https:\/\/photo-claude-david.fr\/wp-content\/uploads\/2021\/10\/Bouchon-de-Tourves-2019-35-1024x725.jpg\" width=\"920\" height=\"651\" \/><\/a><\/div><div class=\"rl-gallery-item\"><a href=\"https:\/\/photo-claude-david.fr\/wp-content\/uploads\/2021\/10\/Bouchon-de-Tourves-2019-15.jpg\" title=\"\" data-rl_title=\"\" class=\"rl-gallery-link\" data-rl_caption=\"\" data-rel=\"lightbox-gallery-1\"><img src=\"https:\/\/photo-claude-david.fr\/wp-content\/uploads\/2021\/10\/Bouchon-de-Tourves-2019-15-1024x644.jpg\" width=\"920\" height=\"579\" \/><\/a><\/div><div class=\"rl-gallery-item\"><a href=\"https:\/\/photo-claude-david.fr\/wp-content\/uploads\/2021\/10\/Bouchon-de-TOURVES-2017_17_08_15_075.jpg\" title=\"\" data-rl_title=\"\" class=\"rl-gallery-link\" data-rl_caption=\"\" data-rel=\"lightbox-gallery-1\"><img src=\"https:\/\/photo-claude-david.fr\/wp-content\/uploads\/2021\/10\/Bouchon-de-TOURVES-2017_17_08_15_075-1024x683.jpg\" width=\"920\" height=\"614\" \/><\/a><\/div><div class=\"rl-gallery-item\"><a href=\"https:\/\/photo-claude-david.fr\/wp-content\/uploads\/2021\/10\/Bouchon-de-Tourves-2013-1.jpg\" title=\"\" data-rl_title=\"\" class=\"rl-gallery-link\" data-rl_caption=\"\" data-rel=\"lightbox-gallery-1\"><img src=\"https:\/\/photo-claude-david.fr\/wp-content\/uploads\/2021\/10\/Bouchon-de-Tourves-2013-1-1024x681.jpg\" width=\"920\" height=\"612\" \/><\/a><\/div><div class=\"rl-gallery-item\"><a href=\"https:\/\/photo-claude-david.fr\/wp-content\/uploads\/2021\/10\/DSC0982-Modifier.jpg\" title=\"\" data-rl_title=\"\" class=\"rl-gallery-link\" data-rl_caption=\"\" data-rel=\"lightbox-gallery-1\"><img src=\"https:\/\/photo-claude-david.fr\/wp-content\/uploads\/2021\/10\/DSC0982-Modifier-1024x683.jpg\" width=\"920\" height=\"614\" \/><\/a><\/div><div class=\"rl-gallery-item\"><a href=\"https:\/\/photo-claude-david.fr\/wp-content\/uploads\/2021\/10\/DSC0972-Modifier-2.jpg\" title=\"\" data-rl_title=\"\" class=\"rl-gallery-link\" data-rl_caption=\"\" data-rel=\"lightbox-gallery-1\"><img src=\"https:\/\/photo-claude-david.fr\/wp-content\/uploads\/2021\/10\/DSC0972-Modifier-2-1024x683.jpg\" width=\"920\" height=\"614\" \/><\/a><\/div><div class=\"rl-gallery-item\"><a href=\"https:\/\/photo-claude-david.fr\/wp-content\/uploads\/2021\/11\/DSC0946-Modifier.jpg\" title=\"\" data-rl_title=\"\" class=\"rl-gallery-link\" data-rl_caption=\"\" data-rel=\"lightbox-gallery-1\"><img src=\"https:\/\/photo-claude-david.fr\/wp-content\/uploads\/2021\/11\/DSC0946-Modifier-1024x683.jpg\" width=\"920\" height=\"614\" \/><\/a><\/div><div class=\"rl-gallery-item\"><a href=\"https:\/\/photo-claude-david.fr\/wp-content\/uploads\/2021\/11\/Bouchon-de-Tourves-2019-27.jpg\" title=\"\" data-rl_title=\"\" class=\"rl-gallery-link\" data-rl_caption=\"\" data-rel=\"lightbox-gallery-1\"><img src=\"https:\/\/photo-claude-david.fr\/wp-content\/uploads\/2021\/11\/Bouchon-de-Tourves-2019-27-1024x683.jpg\" width=\"920\" height=\"614\" \/><\/a><\/div><div class=\"rl-gallery-item\"><a href=\"https:\/\/photo-claude-david.fr\/wp-content\/uploads\/2021\/11\/Bouchon-de-TOURVES-2017_17_08_15_117-DE4b.jpg\" title=\"\" data-rl_title=\"\" class=\"rl-gallery-link\" data-rl_caption=\"\" data-rel=\"lightbox-gallery-1\"><img src=\"https:\/\/photo-claude-david.fr\/wp-content\/uploads\/2021\/11\/Bouchon-de-TOURVES-2017_17_08_15_117-DE4b-1024x683.jpg\" width=\"920\" height=\"614\" \/><\/a><\/div><div class=\"rl-gallery-item\"><a href=\"https:\/\/photo-claude-david.fr\/wp-content\/uploads\/2021\/11\/Bouchon-de-TOURVES-2017_17_08_15_047-Edit.jpg\" title=\"\" data-rl_title=\"\" class=\"rl-gallery-link\" data-rl_caption=\"\" data-rel=\"lightbox-gallery-1\"><img src=\"https:\/\/photo-claude-david.fr\/wp-content\/uploads\/2021\/11\/Bouchon-de-TOURVES-2017_17_08_15_047-Edit-1024x683.jpg\" width=\"920\" height=\"614\" \/><\/a><\/div><div class=\"rl-gallery-item\"><a href=\"https:\/\/photo-claude-david.fr\/wp-content\/uploads\/2021\/11\/Bouchon-de-TOURVES-2015_15__08_15_116-Edit-Edit.jpg\" title=\"\" data-rl_title=\"\" class=\"rl-gallery-link\" data-rl_caption=\"\" data-rel=\"lightbox-gallery-1\"><img src=\"https:\/\/photo-claude-david.fr\/wp-content\/uploads\/2021\/11\/Bouchon-de-TOURVES-2015_15__08_15_116-Edit-Edit-1024x683.jpg\" width=\"920\" height=\"614\" \/><\/a><\/div><div class=\"rl-gallery-item\"><a href=\"https:\/\/photo-claude-david.fr\/wp-content\/uploads\/2021\/11\/Bouchon-de-TOURVES-2015_15__08_15_030-Edit.jpg\" title=\"\" data-rl_title=\"\" class=\"rl-gallery-link\" data-rl_caption=\"\" data-rel=\"lightbox-gallery-1\"><img src=\"https:\/\/photo-claude-david.fr\/wp-content\/uploads\/2021\/11\/Bouchon-de-TOURVES-2015_15__08_15_030-Edit-1024x683.jpg\" width=\"920\" height=\"614\" \/><\/a><\/div><div class=\"rl-gallery-item\"><a href=\"https:\/\/photo-claude-david.fr\/wp-content\/uploads\/2021\/09\/Bouchon-de-TOURVES-6.jpg\" title=\"\" data-rl_title=\"\" class=\"rl-gallery-link\" data-rl_caption=\"\" data-rel=\"lightbox-gallery-1\"><img src=\"https:\/\/photo-claude-david.fr\/wp-content\/uploads\/2021\/09\/Bouchon-de-TOURVES-6-1024x683.jpg\" width=\"920\" height=\"614\" \/><\/a><\/div><div class=\"rl-gallery-item\"><a href=\"https:\/\/photo-claude-david.fr\/wp-content\/uploads\/2021\/09\/Bouchon-de-TOURVES-5.jpg\" title=\"\" data-rl_title=\"\" class=\"rl-gallery-link\" data-rl_caption=\"\" data-rel=\"lightbox-gallery-1\"><img src=\"https:\/\/photo-claude-david.fr\/wp-content\/uploads\/2021\/09\/Bouchon-de-TOURVES-5-1024x683.jpg\" width=\"920\" height=\"614\" \/><\/a><\/div><div class=\"rl-gallery-item\"><a href=\"https:\/\/photo-claude-david.fr\/wp-content\/uploads\/2021\/09\/Bouchon-de-TOURVES-4.jpg\" title=\"\" data-rl_title=\"\" class=\"rl-gallery-link\" data-rl_caption=\"\" data-rel=\"lightbox-gallery-1\"><img src=\"https:\/\/photo-claude-david.fr\/wp-content\/uploads\/2021\/09\/Bouchon-de-TOURVES-4-1024x683.jpg\" width=\"920\" height=\"614\" \/><\/a><\/div><div class=\"rl-gallery-item\"><a href=\"https:\/\/photo-claude-david.fr\/wp-content\/uploads\/2021\/09\/Bouchon-de-TOURVES-3.jpg\" title=\"\" data-rl_title=\"\" class=\"rl-gallery-link\" data-rl_caption=\"\" data-rel=\"lightbox-gallery-1\"><img src=\"https:\/\/photo-claude-david.fr\/wp-content\/uploads\/2021\/09\/Bouchon-de-TOURVES-3-1024x683.jpg\" width=\"920\" height=\"614\" \/><\/a><\/div><div class=\"rl-gallery-item\"><a href=\"https:\/\/photo-claude-david.fr\/wp-content\/uploads\/2021\/09\/Bouchon-de-TOURVES-2.jpg\" title=\"\" data-rl_title=\"\" class=\"rl-gallery-link\" data-rl_caption=\"\" data-rel=\"lightbox-gallery-1\"><img src=\"https:\/\/photo-claude-david.fr\/wp-content\/uploads\/2021\/09\/Bouchon-de-TOURVES-2-1024x614.jpg\" width=\"920\" height=\"552\" \/><\/a><\/div><div class=\"rl-gallery-item\"><a href=\"https:\/\/photo-claude-david.fr\/wp-content\/uploads\/2021\/09\/Bouchon-de-TOURVES-1.jpg\" title=\"\" data-rl_title=\"\" class=\"rl-gallery-link\" data-rl_caption=\"\" data-rel=\"lightbox-gallery-1\"><img src=\"https:\/\/photo-claude-david.fr\/wp-content\/uploads\/2021\/09\/Bouchon-de-TOURVES-1-1024x683.jpg\" width=\"920\" height=\"614\" \/><\/a><\/div><div class=\"rl-gallery-item\"><a href=\"https:\/\/photo-claude-david.fr\/wp-content\/uploads\/2021\/12\/Bouchon-de-Tourves-2019-scaled.jpg\" title=\"\" data-rl_title=\"\" class=\"rl-gallery-link\" data-rl_caption=\"\" data-rel=\"lightbox-gallery-1\"><img src=\"https:\/\/photo-claude-david.fr\/wp-content\/uploads\/2021\/12\/Bouchon-de-Tourves-2019-1024x683.jpg\" width=\"920\" height=\"614\" \/><\/a><\/div><div class=\"rl-gallery-item\"><a href=\"https:\/\/photo-claude-david.fr\/wp-content\/uploads\/2021\/12\/Bouchon-de-TOURVES-2017_17_08_15_209-scaled.jpg\" title=\"\" data-rl_title=\"\" class=\"rl-gallery-link\" data-rl_caption=\"\" data-rel=\"lightbox-gallery-1\"><img src=\"https:\/\/photo-claude-david.fr\/wp-content\/uploads\/2021\/12\/Bouchon-de-TOURVES-2017_17_08_15_209-1024x683.jpg\" width=\"920\" height=\"614\" \/><\/a><\/div><div class=\"rl-gallery-item\"><a href=\"https:\/\/photo-claude-david.fr\/wp-content\/uploads\/2021\/12\/Bouchon-de-TOURVES-2017_17_08_15_134-scaled.jpg\" title=\"\" data-rl_title=\"\" class=\"rl-gallery-link\" data-rl_caption=\"\" data-rel=\"lightbox-gallery-1\"><img src=\"https:\/\/photo-claude-david.fr\/wp-content\/uploads\/2021\/12\/Bouchon-de-TOURVES-2017_17_08_15_134-1024x683.jpg\" width=\"920\" height=\"614\" \/><\/a><\/div><div class=\"rl-gallery-item\"><a href=\"https:\/\/photo-claude-david.fr\/wp-content\/uploads\/2021\/12\/DSC0997-Modifier-scaled.jpg\" title=\"\" data-rl_title=\"\" class=\"rl-gallery-link\" data-rl_caption=\"\" data-rel=\"lightbox-gallery-1\"><img src=\"https:\/\/photo-claude-david.fr\/wp-content\/uploads\/2021\/12\/DSC0997-Modifier-1024x683.jpg\" width=\"920\" height=\"614\" \/><\/a><\/div><div class=\"rl-gallery-item\"><a href=\"https:\/\/photo-claude-david.fr\/wp-content\/uploads\/2021\/12\/DSC0915-Modifier-scaled.jpg\" title=\"\" data-rl_title=\"\" class=\"rl-gallery-link\" data-rl_caption=\"\" data-rel=\"lightbox-gallery-1\"><img src=\"https:\/\/photo-claude-david.fr\/wp-content\/uploads\/2021\/12\/DSC0915-Modifier-1024x683.jpg\" width=\"920\" height=\"614\" \/><\/a><\/div><div class=\"rl-gallery-item\"><a href=\"https:\/\/photo-claude-david.fr\/wp-content\/uploads\/2021\/12\/DSC0906-Modifier-scaled.jpg\" title=\"\" data-rl_title=\"\" class=\"rl-gallery-link\" data-rl_caption=\"\" data-rel=\"lightbox-gallery-1\"><img src=\"https:\/\/photo-claude-david.fr\/wp-content\/uploads\/2021\/12\/DSC0906-Modifier-1024x683.jpg\" width=\"920\" height=\"614\" \/><\/a><\/div><div class=\"rl-gallery-item\"><a href=\"https:\/\/photo-claude-david.fr\/wp-content\/uploads\/2021\/12\/DSC0891-Modifier-scaled.jpg\" title=\"\" data-rl_title=\"\" class=\"rl-gallery-link\" data-rl_caption=\"\" data-rel=\"lightbox-gallery-1\"><img src=\"https:\/\/photo-claude-david.fr\/wp-content\/uploads\/2021\/12\/DSC0891-Modifier-1024x683.jpg\" width=\"920\" height=\"614\" \/><\/a><\/div><div class=\"rl-gallery-item\"><a href=\"https:\/\/photo-claude-david.fr\/wp-content\/uploads\/2021\/12\/DSC0877-Modifier-scaled.jpg\" title=\"\" data-rl_title=\"\" class=\"rl-gallery-link\" data-rl_caption=\"\" data-rel=\"lightbox-gallery-1\"><img src=\"https:\/\/photo-claude-david.fr\/wp-content\/uploads\/2021\/12\/DSC0877-Modifier-1024x683.jpg\" width=\"920\" height=\"614\" \/><\/a><\/div><div class=\"rl-gallery-item\"><a href=\"https:\/\/photo-claude-david.fr\/wp-content\/uploads\/2021\/11\/Bouchon-de-Tourves-2013-2.jpg\" title=\"\" data-rl_title=\"\" class=\"rl-gallery-link\" data-rl_caption=\"\" data-rel=\"lightbox-gallery-1\"><img src=\"https:\/\/photo-claude-david.fr\/wp-content\/uploads\/2021\/11\/Bouchon-de-Tourves-2013-2-886x1024.jpg\" width=\"886\" height=\"1024\" \/><\/a><\/div><div class=\"rl-gallery-item\"><a href=\"https:\/\/photo-claude-david.fr\/wp-content\/uploads\/2021\/11\/DSC07854-Edit-1.jpg\" title=\"\" data-rl_title=\"\" class=\"rl-gallery-link\" data-rl_caption=\"\" data-rel=\"lightbox-gallery-1\"><img src=\"https:\/\/photo-claude-david.fr\/wp-content\/uploads\/2021\/11\/DSC07854-Edit-1-884x1024.jpg\" width=\"884\" height=\"1024\" \/><\/a><\/div> <\/div> <div class=\"rl-pagination rl-pagination-bottom\"><\/div> <\/div>\n","protected":false},"excerpt":{"rendered":"<p>Simulation des embouteillages des ann\u00e9es 60 Tous les deux ans, le 15 ao\u00fbt, l&#8217;association &#8220;Nationale 7 Historique Provence&#8221; organise, dans une ambiance festive, une reconstitution des c\u00e9l\u00e8bres bouchons de TOURVES<\/p>\n<p class=\"more-link\"><a href=\"https:\/\/photo-claude-david.fr\/?page_id=206\" class=\"readmore\">Continue reading<span class=\"screen-reader-text\">Bouchon de Tourves<\/span><\/a><\/p>\n","protected":false},"author":1,"featured_media":0,"parent":0,"menu_order":0,"comment_status":"closed","ping_status":"closed","template":"","meta":[],"_links":{"self":[{"href":"https:\/\/photo-claude-david.fr\/index.php?rest_route=\/wp\/v2\/pages\/206"}],"collection":[{"href":"https:\/\/photo-claude-david.fr\/index.php?rest_route=\/wp\/v2\/pages"}],"about":[{"href":"https:\/\/photo-claude-david.fr\/index.php?rest_route=\/wp\/v2\/types\/page"}],"author":[{"embeddable":true,"href":"https:\/\/photo-claude-david.fr\/index.php?rest_route=\/wp\/v2\/users\/1"}],"replies":[{"embeddable":true,"href":"https:\/\/photo-claude-david.fr\/index.php?rest_route=%2Fwp%2Fv2%2Fcomments&post=206"}],"version-history":[{"count":8,"href":"https:\/\/photo-claude-david.fr\/index.php?rest_route=\/wp\/v2\/pages\/206\/revisions"}],"predecessor-version":[{"id":667,"href":"https:\/\/photo-claude-david.fr\/index.php?rest_route=\/wp\/v2\/pages\/206\/revisions\/667"}],"wp:attachment":[{"href":"https:\/\/photo-claude-david.fr\/index.php?rest_route=%2Fwp%2Fv2%2Fmedia&parent=206"}],"curies":[{"name":"wp","href":"https:\/\/api.w.org\/{rel}","templated":true}]}}