{"id":492,"date":"2021-11-12T16:22:05","date_gmt":"2021-11-12T15:22:05","guid":{"rendered":"http:\/\/photo-claude-david.fr\/?page_id=492"},"modified":"2021-12-28T22:35:09","modified_gmt":"2021-12-28T21:35:09","slug":"492-2","status":"publish","type":"page","link":"https:\/\/photo-claude-david.fr\/?page_id=492","title":{"rendered":"Cabanons en Provence&#8230;s\u00e9rie"},"content":{"rendered":"<div class=\"rl-gallery-container rl-loading rl-pagination-paged\" id=\"rl-gallery-container-1\" data-gallery_id=\"491\"> <div class=\"rl-gallery rl-basicgrid-gallery rl-hover-effect-8 rl-hover-icon-9\" id=\"rl-gallery-1\" data-gallery_no=\"1\"> <div class=\"rl-gallery-item\"><a href=\"https:\/\/photo-claude-david.fr\/wp-content\/uploads\/2021\/11\/Cabanon-01.jpg\" title=\"\" data-rl_title=\"\" class=\"rl-gallery-link\" data-rl_caption=\"\" data-rel=\"lightbox-gallery-1\"><img src=\"https:\/\/photo-claude-david.fr\/wp-content\/uploads\/2021\/11\/Cabanon-01-1024x683.jpg\" width=\"920\" height=\"614\" \/><\/a><\/div><div class=\"rl-gallery-item\"><a href=\"https:\/\/photo-claude-david.fr\/wp-content\/uploads\/2021\/11\/Cabanon-02.jpg\" title=\"\" data-rl_title=\"\" class=\"rl-gallery-link\" data-rl_caption=\"\" data-rel=\"lightbox-gallery-1\"><img src=\"https:\/\/photo-claude-david.fr\/wp-content\/uploads\/2021\/11\/Cabanon-02-1024x683.jpg\" width=\"920\" height=\"614\" \/><\/a><\/div><div class=\"rl-gallery-item\"><a href=\"https:\/\/photo-claude-david.fr\/wp-content\/uploads\/2021\/11\/Cabanon-03.jpg\" title=\"\" data-rl_title=\"\" class=\"rl-gallery-link\" data-rl_caption=\"\" data-rel=\"lightbox-gallery-1\"><img src=\"https:\/\/photo-claude-david.fr\/wp-content\/uploads\/2021\/11\/Cabanon-03-1024x683.jpg\" width=\"920\" height=\"614\" \/><\/a><\/div><div class=\"rl-gallery-item\"><a href=\"https:\/\/photo-claude-david.fr\/wp-content\/uploads\/2021\/11\/Cabanon-04.jpg\" title=\"\" data-rl_title=\"\" class=\"rl-gallery-link\" data-rl_caption=\"\" data-rel=\"lightbox-gallery-1\"><img src=\"https:\/\/photo-claude-david.fr\/wp-content\/uploads\/2021\/11\/Cabanon-04-1024x683.jpg\" width=\"920\" height=\"614\" \/><\/a><\/div><div class=\"rl-gallery-item\"><a href=\"https:\/\/photo-claude-david.fr\/wp-content\/uploads\/2021\/11\/Cabanon-05.jpg\" title=\"\" data-rl_title=\"\" class=\"rl-gallery-link\" data-rl_caption=\"\" data-rel=\"lightbox-gallery-1\"><img src=\"https:\/\/photo-claude-david.fr\/wp-content\/uploads\/2021\/11\/Cabanon-05-1024x683.jpg\" width=\"920\" height=\"614\" \/><\/a><\/div><div class=\"rl-gallery-item\"><a href=\"https:\/\/photo-claude-david.fr\/wp-content\/uploads\/2021\/11\/Cabanon-06.jpg\" title=\"\" data-rl_title=\"\" class=\"rl-gallery-link\" data-rl_caption=\"\" data-rel=\"lightbox-gallery-1\"><img src=\"https:\/\/photo-claude-david.fr\/wp-content\/uploads\/2021\/11\/Cabanon-06-1024x683.jpg\" width=\"920\" height=\"614\" \/><\/a><\/div><div class=\"rl-gallery-item\"><a href=\"https:\/\/photo-claude-david.fr\/wp-content\/uploads\/2021\/11\/Cabanon-07.jpg\" title=\"\" data-rl_title=\"\" class=\"rl-gallery-link\" data-rl_caption=\"\" data-rel=\"lightbox-gallery-1\"><img src=\"https:\/\/photo-claude-david.fr\/wp-content\/uploads\/2021\/11\/Cabanon-07-1024x683.jpg\" width=\"920\" height=\"614\" \/><\/a><\/div><div class=\"rl-gallery-item\"><a href=\"https:\/\/photo-claude-david.fr\/wp-content\/uploads\/2021\/11\/Cabanon-08.jpg\" title=\"\" data-rl_title=\"\" class=\"rl-gallery-link\" data-rl_caption=\"\" data-rel=\"lightbox-gallery-1\"><img src=\"https:\/\/photo-claude-david.fr\/wp-content\/uploads\/2021\/11\/Cabanon-08-1024x683.jpg\" width=\"920\" height=\"614\" \/><\/a><\/div><div class=\"rl-gallery-item\"><a href=\"https:\/\/photo-claude-david.fr\/wp-content\/uploads\/2021\/11\/Cabanon-09.jpg\" title=\"\" data-rl_title=\"\" class=\"rl-gallery-link\" data-rl_caption=\"\" data-rel=\"lightbox-gallery-1\"><img src=\"https:\/\/photo-claude-david.fr\/wp-content\/uploads\/2021\/11\/Cabanon-09-1024x683.jpg\" width=\"920\" height=\"614\" \/><\/a><\/div><div class=\"rl-gallery-item\"><a href=\"https:\/\/photo-claude-david.fr\/wp-content\/uploads\/2021\/11\/Cabanon-010.jpg\" title=\"\" data-rl_title=\"\" class=\"rl-gallery-link\" data-rl_caption=\"\" data-rel=\"lightbox-gallery-1\"><img src=\"https:\/\/photo-claude-david.fr\/wp-content\/uploads\/2021\/11\/Cabanon-010-1024x683.jpg\" width=\"920\" height=\"614\" \/><\/a><\/div><div class=\"rl-gallery-item\"><a href=\"https:\/\/photo-claude-david.fr\/wp-content\/uploads\/2021\/11\/Cabanon-11.jpg\" title=\"\" data-rl_title=\"\" class=\"rl-gallery-link\" data-rl_caption=\"\" data-rel=\"lightbox-gallery-1\"><img src=\"https:\/\/photo-claude-david.fr\/wp-content\/uploads\/2021\/11\/Cabanon-11-1024x683.jpg\" width=\"920\" height=\"614\" \/><\/a><\/div> <\/div> <div class=\"rl-pagination rl-pagination-bottom\"><\/div> <\/div>\n\n\n\n<p>Le paysage proven\u00e7al \u00e9volue, les vignobles, les cultures, en particulier les cabanons et divers b\u00e2timents isol\u00e9s qui se d\u00e9gradent. Ils font parti de l&#8217;histoire de notre r\u00e9gion. C&#8217;est la cons\u00e9quence de l&#8217;abandon de ces vieilles pierres pittoresques devenues souvent inutiles. Elles s&#8217;effondrent au fil du temps et sont progressivement envahies par la v\u00e9g\u00e9tation.<\/p>\n","protected":false},"excerpt":{"rendered":"<p>Le paysage proven\u00e7al \u00e9volue, les vignobles, les cultures, en particulier les cabanons et divers b\u00e2timents isol\u00e9s qui se d\u00e9gradent. Ils font parti de l&#8217;histoire de notre r\u00e9gion. C&#8217;est la cons\u00e9quence<\/p>\n<p class=\"more-link\"><a href=\"https:\/\/photo-claude-david.fr\/?page_id=492\" class=\"readmore\">Continue reading<span class=\"screen-reader-text\">Cabanons en Provence&#8230;s\u00e9rie<\/span><\/a><\/p>\n","protected":false},"author":1,"featured_media":0,"parent":0,"menu_order":0,"comment_status":"closed","ping_status":"closed","template":"","meta":[],"_links":{"self":[{"href":"https:\/\/photo-claude-david.fr\/index.php?rest_route=\/wp\/v2\/pages\/492"}],"collection":[{"href":"https:\/\/photo-claude-david.fr\/index.php?rest_route=\/wp\/v2\/pages"}],"about":[{"href":"https:\/\/photo-claude-david.fr\/index.php?rest_route=\/wp\/v2\/types\/page"}],"author":[{"embeddable":true,"href":"https:\/\/photo-claude-david.fr\/index.php?rest_route=\/wp\/v2\/users\/1"}],"replies":[{"embeddable":true,"href":"https:\/\/photo-claude-david.fr\/index.php?rest_route=%2Fwp%2Fv2%2Fcomments&post=492"}],"version-history":[{"count":5,"href":"https:\/\/photo-claude-david.fr\/index.php?rest_route=\/wp\/v2\/pages\/492\/revisions"}],"predecessor-version":[{"id":669,"href":"https:\/\/photo-claude-david.fr\/index.php?rest_route=\/wp\/v2\/pages\/492\/revisions\/669"}],"wp:attachment":[{"href":"https:\/\/photo-claude-david.fr\/index.php?rest_route=%2Fwp%2Fv2%2Fmedia&parent=492"}],"curies":[{"name":"wp","href":"https:\/\/api.w.org\/{rel}","templated":true}]}}