{"id":677,"date":"2021-12-31T23:31:22","date_gmt":"2021-12-31T22:31:22","guid":{"rendered":"http:\/\/photo-claude-david.fr\/?page_id=677"},"modified":"2022-01-21T19:06:20","modified_gmt":"2022-01-21T18:06:20","slug":"677-2","status":"publish","type":"page","link":"https:\/\/photo-claude-david.fr\/?page_id=677","title":{"rendered":"Divers activit\u00e9s"},"content":{"rendered":"<div class=\"rl-gallery-container rl-loading rl-pagination-paged\" id=\"rl-gallery-container-1\" data-gallery_id=\"673\"> <div class=\"rl-gallery rl-basicgrid-gallery rl-hover-effect-8 rl-hover-icon-9\" id=\"rl-gallery-1\" data-gallery_no=\"1\"> <div class=\"rl-gallery-item\"><a href=\"https:\/\/photo-claude-david.fr\/wp-content\/uploads\/2022\/01\/A-COY005.jpg\" title=\"\" data-rl_title=\"\" class=\"rl-gallery-link\" data-rl_caption=\"\" data-rel=\"lightbox-gallery-1\"><img src=\"https:\/\/photo-claude-david.fr\/wp-content\/uploads\/2022\/01\/A-COY005-1024x684.jpg\" width=\"920\" height=\"615\" \/><\/a><\/div><div class=\"rl-gallery-item\"><a href=\"https:\/\/photo-claude-david.fr\/wp-content\/uploads\/2022\/01\/A-COY004-scaled.jpg\" title=\"\" data-rl_title=\"\" class=\"rl-gallery-link\" data-rl_caption=\"\" data-rel=\"lightbox-gallery-1\"><img src=\"https:\/\/photo-claude-david.fr\/wp-content\/uploads\/2022\/01\/A-COY004-1024x681.jpg\" width=\"920\" height=\"612\" \/><\/a><\/div><div class=\"rl-gallery-item\"><a href=\"https:\/\/photo-claude-david.fr\/wp-content\/uploads\/2022\/01\/A-COY006.jpg\" title=\"\" data-rl_title=\"\" class=\"rl-gallery-link\" data-rl_caption=\"\" data-rel=\"lightbox-gallery-1\"><img src=\"https:\/\/photo-claude-david.fr\/wp-content\/uploads\/2022\/01\/A-COY006-1024x681.jpg\" width=\"920\" height=\"612\" \/><\/a><\/div><div class=\"rl-gallery-item\"><a href=\"https:\/\/photo-claude-david.fr\/wp-content\/uploads\/2022\/01\/A-COY007.jpg\" title=\"\" data-rl_title=\"\" class=\"rl-gallery-link\" data-rl_caption=\"\" data-rel=\"lightbox-gallery-1\"><img src=\"https:\/\/photo-claude-david.fr\/wp-content\/uploads\/2022\/01\/A-COY007-1024x683.jpg\" width=\"920\" height=\"614\" \/><\/a><\/div><div class=\"rl-gallery-item\"><a href=\"https:\/\/photo-claude-david.fr\/wp-content\/uploads\/2021\/12\/Marechal-Ferrand001-1-scaled.jpg\" title=\"\" data-rl_title=\"\" class=\"rl-gallery-link\" data-rl_caption=\"\" data-rel=\"lightbox-gallery-1\"><img src=\"https:\/\/photo-claude-david.fr\/wp-content\/uploads\/2021\/12\/Marechal-Ferrand001-1-1024x716.jpg\" width=\"920\" height=\"643\" \/><\/a><\/div><div class=\"rl-gallery-item\"><a href=\"https:\/\/photo-claude-david.fr\/wp-content\/uploads\/2022\/01\/A-COY009.jpg\" title=\"\" data-rl_title=\"\" class=\"rl-gallery-link\" data-rl_caption=\"\" data-rel=\"lightbox-gallery-1\"><img src=\"https:\/\/photo-claude-david.fr\/wp-content\/uploads\/2022\/01\/A-COY009-729x1024.jpg\" width=\"729\" height=\"1024\" \/><\/a><\/div><div class=\"rl-gallery-item\"><a href=\"https:\/\/photo-claude-david.fr\/wp-content\/uploads\/2021\/12\/Marechal-ferrant003-scaled.jpg\" title=\"\" data-rl_title=\"\" class=\"rl-gallery-link\" data-rl_caption=\"\" data-rel=\"lightbox-gallery-1\"><img src=\"https:\/\/photo-claude-david.fr\/wp-content\/uploads\/2021\/12\/Marechal-ferrant003-733x1024.jpg\" width=\"733\" height=\"1024\" \/><\/a><\/div><div class=\"rl-gallery-item\"><a href=\"https:\/\/photo-claude-david.fr\/wp-content\/uploads\/2022\/01\/A-COY010.jpg\" title=\"\" data-rl_title=\"\" class=\"rl-gallery-link\" data-rl_caption=\"\" data-rel=\"lightbox-gallery-1\"><img src=\"https:\/\/photo-claude-david.fr\/wp-content\/uploads\/2022\/01\/A-COY010-757x1024.jpg\" width=\"757\" height=\"1024\" \/><\/a><\/div> <\/div> <div class=\"rl-pagination rl-pagination-bottom\"><\/div> <\/div>\n\n\n\n<h4 class=\"has-text-align-center\">Mar\u00e9chal ferrant&#8230; en 1986<\/h4>\n\n\n\n<blockquote class=\"wp-block-quote has-text-align-center\"><p><strong>Pose d&#8217;un fer et soins apport\u00e9s \u00e0 une vache bless\u00e9e au pied.<\/strong><\/p><\/blockquote>\n\n\n\n<p><\/p>\n","protected":false},"excerpt":{"rendered":"<p>Mar\u00e9chal ferrant&#8230; en 1986 Pose d&#8217;un fer et soins apport\u00e9s \u00e0 une vache bless\u00e9e au pied.<\/p>\n","protected":false},"author":1,"featured_media":0,"parent":0,"menu_order":0,"comment_status":"closed","ping_status":"closed","template":"","meta":[],"_links":{"self":[{"href":"https:\/\/photo-claude-david.fr\/index.php?rest_route=\/wp\/v2\/pages\/677"}],"collection":[{"href":"https:\/\/photo-claude-david.fr\/index.php?rest_route=\/wp\/v2\/pages"}],"about":[{"href":"https:\/\/photo-claude-david.fr\/index.php?rest_route=\/wp\/v2\/types\/page"}],"author":[{"embeddable":true,"href":"https:\/\/photo-claude-david.fr\/index.php?rest_route=\/wp\/v2\/users\/1"}],"replies":[{"embeddable":true,"href":"https:\/\/photo-claude-david.fr\/index.php?rest_route=%2Fwp%2Fv2%2Fcomments&post=677"}],"version-history":[{"count":8,"href":"https:\/\/photo-claude-david.fr\/index.php?rest_route=\/wp\/v2\/pages\/677\/revisions"}],"predecessor-version":[{"id":717,"href":"https:\/\/photo-claude-david.fr\/index.php?rest_route=\/wp\/v2\/pages\/677\/revisions\/717"}],"wp:attachment":[{"href":"https:\/\/photo-claude-david.fr\/index.php?rest_route=%2Fwp%2Fv2%2Fmedia&parent=677"}],"curies":[{"name":"wp","href":"https:\/\/api.w.org\/{rel}","templated":true}]}}